{"id":4798,"date":"2016-05-19T05:17:51","date_gmt":"2016-05-19T01:17:51","guid":{"rendered":"http:\/\/www.waituk.com\/entrada\/modern\/?page_id=749"},"modified":"2023-05-20T11:01:58","modified_gmt":"2023-05-20T07:01:58","slug":"about-us","status":"publish","type":"page","link":"https:\/\/assistancetour.com\/de\/about-us\/","title":{"rendered":"\u00dcber uns"},"content":{"rendered":"<div class=\"wpb-content-wrapper\"><div class=\"content-block row wpb_row vc_row-fluid bg-white\"><div class=\"container\"><div class=\"wpb_column vc_column_container vc_col-sm-12\"><div class=\"vc_column-inner\"><div class=\"wpb_wrapper\">\n\t<div class=\"wpb_raw_code wpb_content_element wpb_raw_html\" >\n\t\t<div class=\"wpb_wrapper\">\n\t\t\t<br>\n\t\t<\/div>\n\t<\/div>\n<header class='content-heading'>\n\t\t\t\t\t\t<h2 class='main-heading'>Assistance Tour LLC.<\/h2>\n\t\t\t\t\t\t<div class='main-subtitle'><p>Wir sind hier, um Ihnen mit 15 Jahren Erfahrung aus der Zusammenarbeit mit Betreibern aus der ganzen Welt behilflich zu sein.<\/p>\n<\/div>\n\t\t\t\t\t\t<div class='seperator'><\/div>\n\t\t\t\t\t<\/header><div class=\"vc_row wpb_row vc_inner vc_row-fluid\"><div class=\"wpb_column vc_column_container vc_col-sm-4\"><div class=\"vc_column-inner\"><div class=\"wpb_wrapper\"><article class=\"article text-center article-top-space\"><div class=\"img-wrap1\">\n\t\t\t\t\t<img decoding=\"async\"  src=\"https:\/\/assistancetour.com\/wp-content\/uploads\/2019\/12\/creative-thinking.png\" width=\"150\" alt=\"image description\">\n\t\t\t\t <\/div><div class=\"description\">\n\t\t\t\t\t\t\t<h3>Kreatives Denken<\/h3>\n\t\t\t\t\t\t\t<p>Wir betrachten Situationen oder Anfragen aus einer neuen Perspektive, die untraditionelle L\u00f6sungen vorschl\u00e4gt. Wir verfolgen den Weg eines kreativen Denkens, um sowohl einen unstrukturierten Prozess wie Brainstorming als auch einen strukturierten Prozess wie laterales Denken zu simulieren.<\/p>\n\t\t\t\t\t\t<\/div><\/article><\/div><\/div><\/div><div class=\"wpb_column vc_column_container vc_col-sm-4\"><div class=\"vc_column-inner\"><div class=\"wpb_wrapper\"><article class=\"article text-center article-top-space\"><div class=\"img-wrap1\">\n\t\t\t\t\t<img decoding=\"async\"  src=\"https:\/\/assistancetour.com\/wp-content\/uploads\/2019\/12\/excellent-planning.png\" width=\"150\" alt=\"image description\">\n\t\t\t\t <\/div><div class=\"description\">\n\t\t\t\t\t\t\t<h3>Hervorragende Planung<\/h3>\n\t\t\t\t\t\t\t<p>We are always targetting for an excellent planning for the process of goal setting, developing the approach to achieve those goals, outlining activities, prioritizing them and creating a schedule that brings us closer to the goals that we set.<\/p>\n\t\t\t\t\t\t<\/div><\/article><\/div><\/div><\/div><div class=\"wpb_column vc_column_container vc_col-sm-4\"><div class=\"vc_column-inner\"><div class=\"wpb_wrapper\"><article class=\"article text-center article-top-space\"><div class=\"img-wrap1\">\n\t\t\t\t\t<img decoding=\"async\"  src=\"https:\/\/assistancetour.com\/wp-content\/uploads\/2020\/05\/impeccable-performance.png\" width=\"150\" alt=\"image description\">\n\t\t\t\t <\/div><div class=\"description\">\n\t\t\t\t\t\t\t<h3>Tadellose Leistung<\/h3>\n\t\t\t\t\t\t\t<p>Wir verbessern \/ aktualisieren unsere Produkte in bestimmten und kurzen Zeitr\u00e4umen, schulen unsere Mitarbeiter mit Berufsbildungskursen, die von Branchenfachleuten begleitet werden, und geben unser Bestes, um die einwandfreie Leistung f\u00fcr unsere Kunden zu erbringen.<\/p>\n\t\t\t\t\t\t<\/div><\/article><\/div><\/div><\/div><\/div><\/div><\/div><\/div><\/div><\/div><div class=\"content-block row wpb_row vc_row-fluid\"><div class=\"container\"><div class=\"wpb_column vc_column_container vc_col-sm-12\"><div class=\"vc_column-inner\"><div class=\"wpb_wrapper\">\n\t<div class=\"wpb_raw_code wpb_content_element wpb_raw_html\" >\n\t\t<div class=\"wpb_wrapper\">\n\t\t\t<br>\n\t\t<\/div>\n\t<\/div>\n<header class='content-heading'>\n\t\t\t\t\t\t<h2 class='main-heading'>\u00dcber ASSISTANCE TOUR<\/h2>\n\t\t\t\t\t\t<div class='main-subtitle'><\/div>\n\t\t\t\t\t\t<div class='seperator'><\/div>\n\t\t\t\t\t<\/header><div class=\"vc_row wpb_row vc_inner vc_row-fluid\"><div class=\"wpb_column vc_column_container vc_col-sm-6\"><div class=\"vc_column-inner\"><div class=\"wpb_wrapper\"><div class=\"description-text\"><h3>Wer wir sind?<\/h3><p>We are one of the best known, most experienced &amp; full-service incoming tour operator in Azerbaijan &amp; Georgia for all your travel needs and requirements and serving to everyone from backpackers to luxury travelers.<\/p>\n<p>Assistance Tour has grown substantially in its own market. Devotedly working, paying attention to our guests\u2019 needs and demands, also giving importance to details whilst working are the key points of our company growth.<\/p><\/div><\/div><\/div><\/div><div class=\"wpb_column vc_column_container vc_col-sm-6\"><div class=\"vc_column-inner\"><div class=\"wpb_wrapper\"><div class=\"description-text\"><h3>Was wir tun?<\/h3><p>Wir sind hier, um alle Elemente Ihrer Bed\u00fcrfnisse auf effiziente, kosteng\u00fcnstige und ethische Weise zu erf\u00fcllen.<\/p>\n<p>Wir bieten unseren G\u00e4sten und Partnerunternehmen verschiedene Dienstleistungen wie individuelle Touren \/ Gruppenreisen, Hotelreservierungen, Flughafentransfers, t\u00e4gliche Ausfl\u00fcge, VIP-Empfang und Transport, gro\u00dfangelegte MICE-Organisationen, Beratung, Visa und Versicherungsdienstleistungen mit den besten Sicherheitsbedingungen.<\/p><\/div><\/div><\/div><\/div><\/div><\/div><\/div><\/div><\/div><\/div><div class=\"services-block row wpb_row vc_row-fluid\"><div class=\"container\"><div class=\"wpb_column vc_column_container vc_col-sm-12\"><div class=\"vc_column-inner\"><div class=\"wpb_wrapper\"><header class='content-heading'>\n\t\t\t\t\t\t<h2 class='main-heading'>Dienstleistungen<\/h2>\n\t\t\t\t\t\t<div class='main-subtitle'><p>Wir bieten als DMC alle Leistungen, die ein Gast von A bis Z ben\u00f6tigt!<\/p>\n<\/div>\n\t\t\t\t\t\t<div class='seperator'><\/div>\n\t\t\t\t\t<\/header>\n\t<div class=\"wpb_raw_code wpb_content_element wpb_raw_html\" >\n\t\t<div class=\"wpb_wrapper\">\n\t\t\t<br><br><br>\n\t\t<\/div>\n\t<\/div>\n<div class=\"vc_row wpb_row vc_inner vc_row-fluid\"><div class=\"wpb_column vc_column_container vc_col-sm-3\"><div class=\"vc_column-inner\"><div class=\"wpb_wrapper\"><article class=\"article text-center article-top-space\"><div class=\"img-wrap1\">\n\t\t\t\t\t<img decoding=\"async\"  src=\"https:\/\/assistancetour.com\/wp-content\/uploads\/2019\/12\/hotel-building.png\" width=\"150\" alt=\"image description\">\n\t\t\t\t <\/div><div class=\"description\">\n\t\t\t\t\t\t\t<h3>Unterkunft<\/h3>\n\t\t\t\t\t\t\t<p>Wir bieten Ihnen ein exzellentes Unterkunftserlebnis mit unseren praktischen und preisg\u00fcnstigen Optionen f\u00fcr Ihren Urlaub<\/p>\n\t\t\t\t\t\t<\/div><\/article><\/div><\/div><\/div><div class=\"wpb_column vc_column_container vc_col-sm-3\"><div class=\"vc_column-inner\"><div class=\"wpb_wrapper\"><article class=\"article text-center article-top-space\"><div class=\"img-wrap1\">\n\t\t\t\t\t<img decoding=\"async\"  src=\"https:\/\/assistancetour.com\/wp-content\/uploads\/2019\/12\/itinerary.png\" width=\"150\" alt=\"image description\">\n\t\t\t\t <\/div><div class=\"description\">\n\t\t\t\t\t\t\t<h3>Kombinierte Pakete<\/h3>\n\t\t\t\t\t\t\t<p>Entdecken Sie die einzigartige Kultur und Tradition des Kaukasus und seiner Sehensw\u00fcrdigkeiten. Wir bieten bequemen Transport, exzellente Reiseleitung und alles, was Sie f\u00fcr eine Tour ben\u00f6tigen.<\/p>\n\t\t\t\t\t\t<\/div><\/article><\/div><\/div><\/div><div class=\"wpb_column vc_column_container vc_col-sm-3\"><div class=\"vc_column-inner\"><div class=\"wpb_wrapper\"><article class=\"article text-center article-top-space\"><div class=\"img-wrap1\">\n\t\t\t\t\t<img decoding=\"async\"  src=\"https:\/\/assistancetour.com\/wp-content\/uploads\/2019\/12\/excursion.png\" width=\"150\" alt=\"image description\">\n\t\t\t\t <\/div><div class=\"description\">\n\t\t\t\t\t\t\t<h3>T\u00e4gliche Ausfl\u00fcge<\/h3>\n\t\t\t\t\t\t\t<p>Wir bieten eine Vielzahl von t\u00e4glichen Ausfl\u00fcgen an, die f\u00fcr alle Kategorien von Touristen ausgelegt sind.<\/p>\n\t\t\t\t\t\t<\/div><\/article><\/div><\/div><\/div><div class=\"wpb_column vc_column_container vc_col-sm-3\"><div class=\"vc_column-inner\"><div class=\"wpb_wrapper\"><article class=\"article text-center article-top-space\"><div class=\"img-wrap1\">\n\t\t\t\t\t<img decoding=\"async\"  src=\"https:\/\/assistancetour.com\/wp-content\/uploads\/2019\/12\/passport.png\" width=\"150\" alt=\"image description\">\n\t\t\t\t <\/div><div class=\"description\">\n\t\t\t\t\t\t\t<h3>Visa<\/h3>\n\t\t\t\t\t\t\t<p>Wir bieten E-Visa-Dienstleistungen auf dem schnellsten Weg f\u00fcr die Bequemlichkeit unserer G\u00e4ste und Partner.<\/p>\n\t\t\t\t\t\t<\/div><\/article><\/div><\/div><\/div><\/div><div class=\"vc_row wpb_row vc_inner vc_row-fluid\"><div class=\"wpb_column vc_column_container vc_col-sm-3\"><div class=\"vc_column-inner\"><div class=\"wpb_wrapper\"><article class=\"article text-center article-top-space\"><div class=\"img-wrap1\">\n\t\t\t\t\t<img decoding=\"async\"  src=\"https:\/\/assistancetour.com\/wp-content\/uploads\/2019\/12\/bus.png\" width=\"150\" alt=\"image description\">\n\t\t\t\t <\/div><div class=\"description\">\n\t\t\t\t\t\t\t<h3>Transport<\/h3>\n\t\t\t\t\t\t\t<p>Wir bieten unseren G\u00e4sten Gruppen- und Individualtransfers an, von einem kombinierten Bustransfer zu einem luxuri\u00f6sen VIP in einer Limousine bis hin zu einem privaten Hubschrauber.<\/p>\n\t\t\t\t\t\t<\/div><\/article><\/div><\/div><\/div><div class=\"wpb_column vc_column_container vc_col-sm-3\"><div class=\"vc_column-inner\"><div class=\"wpb_wrapper\"><article class=\"article text-center article-top-space\"><div class=\"img-wrap1\">\n\t\t\t\t\t<img decoding=\"async\"  src=\"https:\/\/assistancetour.com\/wp-content\/uploads\/2019\/12\/guide.png\" width=\"150\" alt=\"image description\">\n\t\t\t\t <\/div><div class=\"description\">\n\t\t\t\t\t\t\t<h3>Orientierungshilfe<\/h3>\n\t\t\t\t\t\t\t<p>Unsere voll ausgebildeten Guides werden die G\u00e4ste w\u00e4hrend ihres gesamten Aufenthalts und w\u00e4hrend der Touren in ihrer Muttersprache unterst\u00fctzen, um das Unerwartete zu bew\u00e4ltigen, und stehen zur Verf\u00fcgung, um alle Aspekte des Urlaubs der G\u00e4ste zu unterst\u00fctzen.<\/p>\n\t\t\t\t\t\t<\/div><\/article><\/div><\/div><\/div><div class=\"wpb_column vc_column_container vc_col-sm-3\"><div class=\"vc_column-inner\"><div class=\"wpb_wrapper\"><article class=\"article text-center article-top-space\"><div class=\"img-wrap1\">\n\t\t\t\t\t<img decoding=\"async\"  src=\"https:\/\/assistancetour.com\/wp-content\/uploads\/2019\/12\/rent-a-car.png\" width=\"150\" alt=\"image description\">\n\t\t\t\t <\/div><div class=\"description\">\n\t\t\t\t\t\t\t<h3>Autovermietungen<\/h3>\n\t\t\t\t\t\t\t<p>Wir bieten eine breite Palette verschiedener Automarken und -typen an, die alle spezifischen Anforderungen erf\u00fcllen. Bei Bedarf k\u00f6nnen wir auch Autos mit Chauffeur anbieten<\/p>\n\t\t\t\t\t\t<\/div><\/article><\/div><\/div><\/div><div class=\"wpb_column vc_column_container vc_col-sm-3\"><div class=\"vc_column-inner\"><div class=\"wpb_wrapper\"><article class=\"article text-center article-top-space\"><div class=\"img-wrap1\">\n\t\t\t\t\t<img decoding=\"async\"  src=\"https:\/\/assistancetour.com\/wp-content\/uploads\/2019\/12\/life-insurance.png\" width=\"150\" alt=\"image description\">\n\t\t\t\t <\/div><div class=\"description\">\n\t\t\t\t\t\t\t<h3>Reiseversicherung<\/h3>\n\t\t\t\t\t\t\t<p>Wir bieten Versicherungsl\u00f6sungen auf dem schnellsten Weg f\u00fcr die Bequemlichkeit unserer G\u00e4ste und Partner.<\/p>\n\t\t\t\t\t\t<\/div><\/article><\/div><\/div><\/div><\/div><\/div><\/div><\/div><\/div><\/div><div class=\"content-block row wpb_row vc_row-fluid\"><div class=\"container\"><div class=\"wpb_column vc_column_container vc_col-sm-12\"><div class=\"vc_column-inner\"><div class=\"wpb_wrapper\"><header class='content-heading'>\n\t\t\t\t\t\t<h2 class='main-heading'>Menschenpower<\/h2>\n\t\t\t\t\t\t<div class='main-subtitle'><p>Unsere erfahrenen Mitarbeiter sind die Geheimwaffe f\u00fcr unseren Erfolg.<\/p>\n<\/div>\n\t\t\t\t\t\t<div class='seperator'><\/div>\n\t\t\t\t\t<\/header><div class=\"vc_row wpb_row vc_inner vc_row-fluid\"><div class=\"wpb_column vc_column_container vc_col-sm-6\"><div class=\"vc_column-inner\"><div class=\"wpb_wrapper\"><div class=\"description common-top-space\"><h3>Wir haben erstaunliche Feedback-Ergebnisse!<\/h3><p>We have a combined feedback system with the leading review platforms in the travel industry, to gather objective reviews from you, our travelers, both about our service after you book and about your trip after you return.<\/p>\n<p>Only verified customers may post reviews, so you know they're legitimate. We can't delete, censor or edit negative reviews.<\/p>\n<p>In addition, the results of the survey we have conducted with our guests participating in our tours at the end of the tour and they are carefully reviewed by our expert team is uploaded to our system.<\/p>\n<p>Wir sind stolz darauf, von unseren G\u00e4sten auf der ganzen Welt wirklich gute Bewertungen zu erhalten. Unsere durchschnittliche Servicebewertung von \u00fcber 4,5 Sternen!<\/p><\/div><\/div><\/div><\/div><div class=\"wpb_column vc_column_container vc_col-sm-6\"><div class=\"vc_column-inner\"><div class=\"wpb_wrapper\"><div class=\"progress-holder common-top-space\"><div class=\"bar-holder\"><strong class=\"title\">Effizienz und Qualit\u00e4t<\/strong>\n\t\t\t\t\t\t\t\t<div class=\"progress\">\n\t\t\t\t\t\t\t\t\t<div class=\"progress-bar\" role=\"progressbar\" aria-valuenow=\"99\" aria-valuemin=\"0\" aria-valuemax=\"100\" id=\"progress1\">\n\t\t\t\t\t\t\t\t\t<span class=\"value\">99%<\/span>\n\t\t\t\t\t\t\t\t\t<\/div>\n\t\t\t\t\t\t\t\t<\/div><strong class=\"title\">Unterst\u00fctzung und Motivation<\/strong>\n\t\t\t\t\t\t\t\t<div class=\"progress\">\n\t\t\t\t\t\t\t\t\t<div class=\"progress-bar\" role=\"progressbar\" aria-valuenow=\"97\" aria-valuemin=\"0\" aria-valuemax=\"100\" id=\"progress2\">\n\t\t\t\t\t\t\t\t\t<span class=\"value\">97%<\/span>\n\t\t\t\t\t\t\t\t\t<\/div>\n\t\t\t\t\t\t\t\t<\/div><strong class=\"title\">Wettbewerbsf\u00e4hige Preise<\/strong>\n\t\t\t\t\t\t\t\t<div class=\"progress\">\n\t\t\t\t\t\t\t\t\t<div class=\"progress-bar\" role=\"progressbar\" aria-valuenow=\"98\" aria-valuemin=\"0\" aria-valuemax=\"100\" id=\"progress3\">\n\t\t\t\t\t\t\t\t\t<span class=\"value\">98%<\/span>\n\t\t\t\t\t\t\t\t\t<\/div>\n\t\t\t\t\t\t\t\t<\/div><strong class=\"title\">Einzigartigkeit<\/strong>\n\t\t\t\t\t\t\t\t<div class=\"progress\">\n\t\t\t\t\t\t\t\t\t<div class=\"progress-bar\" role=\"progressbar\" aria-valuenow=\"96\" aria-valuemin=\"0\" aria-valuemax=\"100\" id=\"progress4\">\n\t\t\t\t\t\t\t\t\t<span class=\"value\">96%<\/span>\n\t\t\t\t\t\t\t\t\t<\/div>\n\t\t\t\t\t\t\t\t<\/div><strong class=\"title\">Vertrauen und Glaubw\u00fcrdigkeit<\/strong>\n\t\t\t\t\t\t\t\t<div class=\"progress\">\n\t\t\t\t\t\t\t\t\t<div class=\"progress-bar\" role=\"progressbar\" aria-valuenow=\"98\" aria-valuemin=\"0\" aria-valuemax=\"100\" id=\"progress5\">\n\t\t\t\t\t\t\t\t\t<span class=\"value\">98%<\/span>\n\t\t\t\t\t\t\t\t\t<\/div>\n\t\t\t\t\t\t\t\t<\/div><\/div><\/div><\/div><\/div><\/div><\/div><\/div><\/div><\/div><\/div><\/div><div data-vc-parallax=\"5\" data-vc-parallax-image=\"https:\/\/assistancetour.com\/wp-content\/uploads\/2016\/04\/hunting-banner.jpg\" class=\"step-block text-center parallax row wpb_row vc_row-fluid parallax vc_row-has-fill vc_general vc_parallax vc_parallax-content-moving\"  data-stellar-background-ratio=\"0.3\"><div class=\"container\"><div class=\"wpb_column vc_column_container vc_col-sm-12\"><div class=\"vc_column-inner\"><div class=\"wpb_wrapper\"><blockquote class=\"normal\">\n\t\t\t\t\t\t<q>&quot;Die Welt ist ein Buch, und diejenigen, die nicht reisen, lesen nur eine Seite.&quot;<\/p>\n<p>Heiliger Augustinus<\/q>\n\t\t\t\t\t\t<\/blockquote><\/div><\/div><\/div><\/div><\/div>\n<\/div>","protected":false},"excerpt":{"rendered":"Assistance Tour LLC. We are here to assist you with 15 years of experience gained by working with the operators from all over the World. Creative Thinking We are looking at situations or requests from a fresh perspective that suggests untraditional solutions. We are following the way of a creative thinking to simulate both by [...]","protected":false},"author":1,"featured_media":0,"parent":0,"menu_order":0,"comment_status":"closed","ping_status":"closed","template":"entrada_templates\/layout-visual-composer-default.php","meta":{"footnotes":""},"_links":{"self":[{"href":"https:\/\/assistancetour.com\/de\/wp-json\/wp\/v2\/pages\/4798"}],"collection":[{"href":"https:\/\/assistancetour.com\/de\/wp-json\/wp\/v2\/pages"}],"about":[{"href":"https:\/\/assistancetour.com\/de\/wp-json\/wp\/v2\/types\/page"}],"author":[{"embeddable":true,"href":"https:\/\/assistancetour.com\/de\/wp-json\/wp\/v2\/users\/1"}],"replies":[{"embeddable":true,"href":"https:\/\/assistancetour.com\/de\/wp-json\/wp\/v2\/comments?post=4798"}],"version-history":[{"count":0,"href":"https:\/\/assistancetour.com\/de\/wp-json\/wp\/v2\/pages\/4798\/revisions"}],"wp:attachment":[{"href":"https:\/\/assistancetour.com\/de\/wp-json\/wp\/v2\/media?parent=4798"}],"curies":[{"name":"wp","href":"https:\/\/api.w.org\/{rel}","templated":true}]}}