{"id":5420,"date":"2019-10-23T14:12:15","date_gmt":"2019-10-23T10:12:15","guid":{"rendered":"https:\/\/v1.digisensei.org\/?page_id=5420"},"modified":"2023-03-06T04:43:17","modified_gmt":"2023-03-06T00:43:17","slug":"museums","status":"publish","type":"page","link":"https:\/\/assistancetour.com\/de\/azerbaijan\/museums\/","title":{"rendered":"Museen"},"content":{"rendered":"<div class=\"wpb-content-wrapper\"><div class=\"content-block row wpb_row vc_row-fluid\"><div class=\"container\"><div class=\"wpb_column vc_column_container vc_col-sm-12\"><div class=\"vc_column-inner\"><div class=\"wpb_wrapper\"><div class=\"description-text\"><p>Das erste Museum in Aserbaidschan entstand Ende des 19. Jahrhunderts, als im Dorf Nehram ein Schulmuseum eingerichtet wurde. Zu Beginn des 20. Jahrhunderts er\u00f6ffnete die Verwaltung der Volksschulen das P\u00e4dagogische Museum; Etwa zur gleichen Zeit wurde das geschlossene Baku-Museum der Allrussischen Technischen Gesellschaft gegr\u00fcndet.<\/p>\n<p>Im Jahr 1921 wurde das Aserbaidschanische Staatsmuseum er\u00f6ffnet, dessen Ausstellung in Bereiche unterteilt war, die der Arch\u00e4ologie, der Geschichte, der Ethnographie und der Natur gewidmet waren. Sp\u00e4ter kam die Kunstabteilung hinzu. Danach wurden auf der Grundlage der Sammlungen des Museums das Staatliche Theatermuseum Aserbaidschans (1934) und das Staatliche Kunstmuseum Aserbaidschans (1936) eingerichtet. Das Aserbaidschanische Staatsmuseum selbst wurde in das Geschichtsmuseum von Aserbaidschan (1936) umgewandelt.<\/p>\n<p>Im Jahr 1972 erhielt Baku das weltweit einzige Museum f\u00fcr Teppiche. Die Ausstellungen des Museums wurden in mehr als 50 L\u00e4ndern gezeigt: England, Holland, Israel, Indien, Irland, Italien, Japan, Russland, T\u00fcrkei, Frankreich usw.<\/p>\n<p>MUSEEN \u00dcBER ASERBAIDSCHAN<\/p>\n<p>Au\u00dfer in Baku gibt es in Aserbaidschan nur zwei Arten von Museen: historische Museen und &#039;Haus&#039;-Museen. Beide haben ein vorhersehbares Format und einen vorhersehbaren Inhalt. Nach ein paar Besuchen werden Sie feststellen, dass sie vertraut oder eint\u00f6nig sind. Zum Gl\u00fcck gibt es nur wenige Eintrittsgelder, sodass Sie keinen Grund zur Sorge haben m\u00fcssen, einzutreten, au\u00dfer dass es Ihnen peinlich ist, die schlummernden Begleiter aufzuwecken. Es gibt auch die komische Formalit\u00e4t, das G\u00e4stebuch zu unterschreiben - die wenigen Leute, die es besuchen, schaffen es, Hektar Papier mit ihren \u00dcberlegungen zu f\u00fcllen. Gelegentlich sind die in den 1970er Jahren begonnenen G\u00e4steb\u00fccher noch nicht gef\u00fcllt.<\/p>\n<p>Haus Museen<\/p>\n<p>Hausmuseen sind die eingemotteten H\u00e4user der Gro\u00dfen und Guten, angef\u00fcllt mit pers\u00f6nlichen Gegenst\u00e4nden des einstigen Bewohners. Faszinierend, wenn man den Betroffenen kennt, aber f\u00fcr den durchschnittlichen ausl\u00e4ndischen Touristen kaum ein Unentschieden ist.<\/p>\n<p>Historische Museen<\/p>\n<p>Es gibt eine in fast jeder mittelgro\u00dfen Stadt \/ Provinzhauptstadt. Einige solcher Museen haben sachkundige Direktoren und in einigen F\u00e4llen befinden sie sich in attraktiven Geb\u00e4uden mit einer eigenen historischen Bedeutung.<\/p><\/div><div class=\"vc_row wpb_row vc_inner vc_row-fluid\"><div class=\"wpb_column vc_column_container vc_col-sm-12\"><div class=\"vc_column-inner\"><div class=\"wpb_wrapper\">\n\t<div class=\"wpb_raw_code wpb_content_element wpb_raw_html\" >\n\t\t<div class=\"wpb_wrapper\">\n\t\t\t<br><br>\n\t\t<\/div>\n\t<\/div>\n\t\t\t<script>\r\n\t\t\t\tjQuery(window).on('load', function() {\r\n\t\t\t\t\tbdp_get_famous_height_2();\r\n\t\t\t\t});\r\n\t\t\t\tjQuery(document).ready(function() {\r\n\t\t\t\t\tbdp_get_famous_height_2();\r\n\t\t\t\t});\r\n\r\n\t\t\t\tfunction bdp_get_famous_height_2() {\r\n\t\t\t\t\tvar famous_content_heights = jQuery(\".layout_id_2 .famous-grid .post-body-div\").map(function() {\r\n\t\t\t\t\t\t\treturn jQuery(this).height();\r\n\t\t\t\t\t\t}).get(),\r\n\t\t\t\t\t\tfamous_content_heights = Math.max.apply(null, famous_content_heights);\r\n\t\t\t\t\tjQuery('.layout_id_2 .bdp-row.famous').each(function() {\r\n\t\t\t\t\t\tvar famous_total_height = famous_content_heights;\r\n\t\t\t\t\t\tjQuery(this).find('.famous-grid').height(famous_total_height);\r\n\t\t\t\t\t});\r\n\t\t\t\t}\r\n\t\t\t<\/script>\r\n\t\t\t\t\t\t<script>\r\n\t\t\t\t$ = jQuery;\r\n\t\t\t\tjQuery(document).ready(function() {\r\n\t\t\t\t\tjQuery('.print_click').on(\"click\", function(e) {\r\n\t\t\t\t\t\t$(\"img\").removeClass(\" lazyloaded\");\r\n\t\t\t\t\t\t$(\"img\").removeClass(\"lazyload\");\r\n\t\t\t\t\t\t$(\"img\").removeAttr(\"style\");\r\n\t\t\t\t\t\t$('.famous-grid').css(\"margin-top\", \"30px\");\r\n\t\t\t\t\t\t$('.blog_header').removeClass('hover');\r\n\t\t\t\t\t\t$('.print_click').hide();\r\n\t\t\t\t\t\twindow.print();\r\n\t\t\t\t\t});\r\n\r\n\r\n\t\t\t\t});\r\n\t\t\t<\/script>\r\n\t\t\t<div id=\"content\" class=\"bdp_wrapper bdp_post_list  famous  famous_cover layout_id_2\"><div class='bdp-row column_layout_3 column_layout_ipad_2 column_layout_tablet_2 column_layout_mobile_1 famous'>No posts found.<\/div><form name=\"bdp-paged-hidden\" id=\"bdp-paged-hidden\" action=\"\"><input type=\"hidden\" name=\"paged\" id=\"paged\" value=\"1\" \/><input type=\"hidden\" name=\"posts_per_page\" id=\"posts_per_page\" value=\"6\" \/><input type=\"hidden\" name=\"max_num_pages\" id=\"max_num_pages\" value=\"0\" \/><input type=\"hidden\" name=\"found_posts\" id=\"found_posts\" value=\"0\" \/><input type=\"hidden\" name=\"blog_template\" id=\"blog_template\" value=\"famous\" \/><input type=\"hidden\" name=\"blog_layout\" id=\"blog_layout\" value=\"blog_layout\" \/><input type=\"hidden\" name=\"blog_shortcode_id\" id=\"blog_shortcode_id\" value=\"2\" \/><input type=\"hidden\" name=\"terms\" id=\"terms\" value=\"220\" \/><input type=\"hidden\" name=\"trp-form-language\" value=\"de\"\/><\/form><div class=\"wl_pagination_box template-2\"><\/div><\/div>\n\t<div class=\"wpb_raw_code wpb_content_element wpb_raw_html\" >\n\t\t<div class=\"wpb_wrapper\">\n\t\t\t<br><br>\n\t\t<\/div>\n\t<\/div>\n<\/div><\/div><\/div><\/div><\/div><\/div><\/div><\/div><\/div>\n<\/div>","protected":false},"excerpt":{"rendered":"The first museum in Azerbaijan appeared in the late 19th century, when a school museum was established in the village of Nehram. In the beginning of the 20th century the Administration of the People's schools opened the Pedagogical Museum; around the same time the closed museum of Baku branch of the All-Russian Technical Society was [...]","protected":false},"author":1,"featured_media":0,"parent":5219,"menu_order":0,"comment_status":"closed","ping_status":"closed","template":"entrada_templates\/layout-visual-composer-default.php","meta":{"footnotes":""},"_links":{"self":[{"href":"https:\/\/assistancetour.com\/de\/wp-json\/wp\/v2\/pages\/5420"}],"collection":[{"href":"https:\/\/assistancetour.com\/de\/wp-json\/wp\/v2\/pages"}],"about":[{"href":"https:\/\/assistancetour.com\/de\/wp-json\/wp\/v2\/types\/page"}],"author":[{"embeddable":true,"href":"https:\/\/assistancetour.com\/de\/wp-json\/wp\/v2\/users\/1"}],"replies":[{"embeddable":true,"href":"https:\/\/assistancetour.com\/de\/wp-json\/wp\/v2\/comments?post=5420"}],"version-history":[{"count":0,"href":"https:\/\/assistancetour.com\/de\/wp-json\/wp\/v2\/pages\/5420\/revisions"}],"up":[{"embeddable":true,"href":"https:\/\/assistancetour.com\/de\/wp-json\/wp\/v2\/pages\/5219"}],"wp:attachment":[{"href":"https:\/\/assistancetour.com\/de\/wp-json\/wp\/v2\/media?parent=5420"}],"curies":[{"name":"wp","href":"https:\/\/api.w.org\/{rel}","templated":true}]}}