{"id":5438,"date":"2019-10-23T15:11:04","date_gmt":"2019-10-23T11:11:04","guid":{"rendered":"https:\/\/v1.digisensei.org\/?page_id=5438"},"modified":"2023-03-06T04:52:51","modified_gmt":"2023-03-06T00:52:51","slug":"cuisine","status":"publish","type":"page","link":"https:\/\/assistancetour.com\/de\/azerbaijan\/cuisine\/","title":{"rendered":"K\u00fcche"},"content":{"rendered":"<div class=\"wpb-content-wrapper\"><div class=\"content-block row wpb_row vc_row-fluid\"><div class=\"container\"><div class=\"wpb_column vc_column_container vc_col-sm-12\"><div class=\"vc_column-inner\"><div class=\"wpb_wrapper\"><div class=\"description-text\"><p>Die aserbaidschanische K\u00fcche bezieht sich auf die Kochstile und Gerichte Aserbaidschans. Viele Lebensmittel, die im Land heimisch sind, finden sich heute in der K\u00fcche anderer benachbarter Kulturen wieder. F\u00fcr die Menschen in Aserbaidschan ist Essen ein wichtiger Teil ihrer Kultur und tief in der Geschichte, den Traditionen und den Werten verwurzelt.<\/p>\n<p>Von den elf weltweit bekannten Klimazonen hat das aserbaidschanische Klima neun. Dies tr\u00e4gt zur Fruchtbarkeit des Landes bei, was wiederum zum Reichtum der K\u00fcche f\u00fchrt.<\/p>\n<p>Aserbaidschans nationale K\u00fcche ist der \u00f6stlichen K\u00fcche aufgrund des Geschmacks und der Zubereitung der Gerichte sowie der Zugabe von dunklen Gew\u00fcrzen und Aromazus\u00e4tzen n\u00e4her. Die zeitgen\u00f6ssische aserbaidschanische K\u00fcche beh\u00e4lt traditionelle Zubereitungsmethoden bei und ber\u00fccksichtigt gleichzeitig die modernen Kochanforderungen und -zubereitungen.<\/p>\n<p>Aserbaidschanische Gerichte werden traditionell mit Kupfergeschirr in Kupferkochgeschirr zubereitet. Kupferschalen und -teller werden immer noch h\u00e4ufig als Serviergeschirr verwendet.<\/p>\n<p>Die aserbaidschanische K\u00fcche ist voll von verschiedenen Arten von Gr\u00fcn- und Gem\u00fcsesorten wie Auberginen, Tomaten, Paprika, Spinat, Kohl, Zwiebeln, Sauerampfer, R\u00fcben, Rettich, Gurken und gr\u00fcnen Bohnen. Reis und Produkte aus Mehl sind in der nationalen K\u00fcche weit verbreitet. Es ist ber\u00fchmt f\u00fcr Gem\u00fcse und Gem\u00fcse, die saisonal in den Gerichten verwendet werden. Frische Kr\u00e4uter wie Minze, Koriander, Dill, Basilikum, Petersilie, Estragon, Lauch, Schnittlauch, Thymian, Majoran, Fr\u00fchlingszwiebel und Brunnenkresse sind sehr beliebt und begleiten h\u00e4ufig Hauptgerichte. Die meisten nationalen Gerichte werden aus Lamm-, Rind- und Gefl\u00fcgelfleisch zubereitet. Meistens werden Gerichte aus Hackfleisch zubereitet. Das Meer, die Seen und Fl\u00fcsse der Republik Aserbaidschan sind reich an verschiedenen Fischarten, insbesondere Wei\u00dfst\u00f6ren. St\u00f6rfisch wird h\u00e4ufig f\u00fcr die Zubereitung von Nationalgerichten verwendet. Das Kaspische Meer beheimatet viele essbare Fischarten, darunter St\u00f6r, Kaspischer Lachs, Kutum, Sardinen, Meer\u00e4sche und andere. Schwarzer Kaviar aus dem Kaspischen Meer ist eine der bekanntesten Delikatessen Aserbaidschans, die in anderen Teilen der Welt, einschlie\u00dflich der ehemaligen Sowjetl\u00e4nder, sehr gefragt ist.<\/p>\n<p>Eines der bekanntesten Gerichte der aserbaidschanischen K\u00fcche ist Plov aus safran\u00fcberzogenem Reis, serviert mit verschiedenen Kr\u00e4utern und Gem\u00fcse, eine Kombination, die sich von denen der usbekischen Plovs v\u00f6llig unterscheidet. Die aserbaidschanische K\u00fcche umfasst mehr als 40 verschiedene Plov-Rezepte. Andere zweite G\u00e4nge umfassen eine gro\u00dfe Auswahl an Kebabs und Schaschliks, darunter Lamm-, Rind-, H\u00fchner-, Enten- und Fisch-Kebabs (Baliq). St\u00f6r, ein gew\u00f6hnlicher Fisch, wird normalerweise als Schaschlik aufgespie\u00dft und gegrillt und mit einer scharfen Granatapfelsauce namens Narsharab serviert. Trockenfr\u00fcchte und Waln\u00fcsse werden in vielen Gerichten verwendet. Die traditionellen Gew\u00fcrze sind Salz, schwarzer Pfeffer, Sumach und vor allem Safran, der im Inland auf der Absheron-Halbinsel angebaut wird. Die dritten G\u00e4nge beinhalten Suppen, deren Arten in der nationalen K\u00fcche Aserbaidschans mehr als 30 sind. Dazu geh\u00f6ren Kufta Bozbash, Piti aus Fleisch und Dovga, Ovdukh, Dogramach, Bolva aus Gem\u00fcse und Joghurt. Einige Suppen werden in nationalen oder interessanten und ungew\u00f6hnlich geformten Schalen serviert.<\/p>\n<p>Schwarzer Tee ist das Nationalgetr\u00e4nk und wird nach dem Essen getrunken. Es wird den G\u00e4sten auch zur Begr\u00fc\u00dfung angeboten, oft begleitet von Obstkonserven.<\/p>\n<p>Die aserbaidschanische K\u00fcche bietet eine Reihe von leichten Snacks und Beilagen zum \u00d6ffnen oder Begleiten der Hauptmahlzeiten: einen Teller mit aromatischen gr\u00fcnen Bl\u00e4ttern, Chorek (Brot), Choban (Tomaten- und Gurkensalat) und manchmal Wei\u00dfk\u00e4se oder Qatik (saurer Joghurt). Kalte Snacks werden in der Regel getrennt von den Getr\u00e4nken serviert.<\/p>\n<p>Brote;<br \/>\nIn Aserbaidschan werden verschiedene Brotsorten gebacken: Fladenbrot, Fladenbrot, Fladenbrot, Fladenbrot, Fladenbrot, Fladenbrot, Fladenbrot, Fladenbrot, Fladenbrot, Fladenbrot, Fladenbrot, Fladenbrot, Fladenbrot (Tandoorbrot) ein Tandoor genannt. Meist wird es zum Backen von Brot und zum Kochen von Fleisch verwendet, aber im Allgemeinen kann jede Art von Essen in Tandoor\u00f6fen gekocht werden. Das Geheimnis des Tandoorofens ist das Aufheizen des Ofens. Holz wird auf den Boden gelegt und entz\u00fcndet. Es ist notwendig zu warten, bis es gl\u00fchende Holzkohle wird.<br \/>\nIn diesem Moment erreicht der Ofen Temperaturen um 400 \u00b0 C. Das Essen wird im Grunde von der Hitze der W\u00e4nde gekocht. Hohe Temperaturen sorgen f\u00fcr sehr schnelles Garen. Im Mittelalter war der Tandoor-Ofen eine der \u00fcblichen Einrichtungen der in der Altstadt lebenden Bev\u00f6lkerung (Icheri Sheher). Dies wurde w\u00e4hrend der arch\u00e4ologischen Ausgrabungen in verschiedenen Bereichen der Altstadt entdeckt. W\u00e4hrend des in \u00c4thiopien abgehaltenen Treffens beschloss das zwischenstaatliche UNESCO-Komitee zur Sicherung des immateriellen Kulturerbes, Lavash in die Repr\u00e4sentantenliste des immateriellen Kulturerbes der Organisation aufzunehmen.<\/p><\/div><\/div><\/div><\/div><\/div><\/div><div class=\"content-block row wpb_row vc_row-fluid\"><div class=\"container\"><div class=\"wpb_column vc_column_container vc_col-sm-12\"><div class=\"vc_column-inner\"><div class=\"wpb_wrapper\">\t\t\t<script>\r\n\t\t\t\tjQuery(window).on('load', function() {\r\n\t\t\t\t\tbdp_get_famous_height_4();\r\n\t\t\t\t});\r\n\t\t\t\tjQuery(document).ready(function() {\r\n\t\t\t\t\tbdp_get_famous_height_4();\r\n\t\t\t\t});\r\n\r\n\t\t\t\tfunction bdp_get_famous_height_4() {\r\n\t\t\t\t\tvar famous_content_heights = jQuery(\".layout_id_4 .famous-grid .post-body-div\").map(function() {\r\n\t\t\t\t\t\t\treturn jQuery(this).height();\r\n\t\t\t\t\t\t}).get(),\r\n\t\t\t\t\t\tfamous_content_heights = Math.max.apply(null, famous_content_heights);\r\n\t\t\t\t\tjQuery('.layout_id_4 .bdp-row.famous').each(function() {\r\n\t\t\t\t\t\tvar famous_total_height = famous_content_heights;\r\n\t\t\t\t\t\tjQuery(this).find('.famous-grid').height(famous_total_height);\r\n\t\t\t\t\t});\r\n\t\t\t\t}\r\n\t\t\t<\/script>\r\n\t\t\t\t\t\t<script>\r\n\t\t\t\t$ = jQuery;\r\n\t\t\t\tjQuery(document).ready(function() {\r\n\t\t\t\t\tjQuery('.print_click').on(\"click\", function(e) {\r\n\t\t\t\t\t\t$(\"img\").removeClass(\" lazyloaded\");\r\n\t\t\t\t\t\t$(\"img\").removeClass(\"lazyload\");\r\n\t\t\t\t\t\t$(\"img\").removeAttr(\"style\");\r\n\t\t\t\t\t\t$('.famous-grid').css(\"margin-top\", \"30px\");\r\n\t\t\t\t\t\t$('.blog_header').removeClass('hover');\r\n\t\t\t\t\t\t$('.print_click').hide();\r\n\t\t\t\t\t\twindow.print();\r\n\t\t\t\t\t});\r\n\r\n\r\n\t\t\t\t});\r\n\t\t\t<\/script>\r\n\t\t\t<div id=\"content\" class=\"bdp_wrapper bdp_post_list  famous  famous_cover layout_id_4\"><div class='bdp-row column_layout_3 column_layout_ipad_2 column_layout_tablet_2 column_layout_mobile_1 famous'>No posts found.<\/div><form name=\"bdp-paged-hidden\" id=\"bdp-paged-hidden\" action=\"\"><input type=\"hidden\" name=\"paged\" id=\"paged\" value=\"1\" \/><input type=\"hidden\" name=\"posts_per_page\" id=\"posts_per_page\" value=\"6\" \/><input type=\"hidden\" name=\"max_num_pages\" id=\"max_num_pages\" value=\"0\" \/><input type=\"hidden\" name=\"found_posts\" id=\"found_posts\" value=\"0\" \/><input type=\"hidden\" name=\"blog_template\" id=\"blog_template\" value=\"famous\" \/><input type=\"hidden\" name=\"blog_layout\" id=\"blog_layout\" value=\"blog_layout\" \/><input type=\"hidden\" name=\"blog_shortcode_id\" id=\"blog_shortcode_id\" value=\"4\" \/><input type=\"hidden\" name=\"terms\" id=\"terms\" value=\"219\" \/><input type=\"hidden\" name=\"trp-form-language\" value=\"de\"\/><\/form><div class=\"wl_pagination_box template-2\"><\/div><\/div>\n\t<div class=\"wpb_raw_code wpb_content_element wpb_raw_html\" >\n\t\t<div class=\"wpb_wrapper\">\n\t\t\t<br>\n\t\t<\/div>\n\t<\/div>\n<\/div><\/div><\/div><\/div><\/div>\n<\/div>","protected":false},"excerpt":{"rendered":"Azerbaijani cuisine refers to the cooking styles and dishes of Azerbaijan. Many foods that are indigenous to the country can now be seen in the cuisines of other neighboring cultures. For the people of Azerbaijan, food is an important part of their culture and is deeply rooted in the history, traditions and values. Out of [...]","protected":false},"author":1,"featured_media":0,"parent":5219,"menu_order":0,"comment_status":"closed","ping_status":"closed","template":"entrada_templates\/layout-visual-composer-default.php","meta":{"footnotes":""},"_links":{"self":[{"href":"https:\/\/assistancetour.com\/de\/wp-json\/wp\/v2\/pages\/5438"}],"collection":[{"href":"https:\/\/assistancetour.com\/de\/wp-json\/wp\/v2\/pages"}],"about":[{"href":"https:\/\/assistancetour.com\/de\/wp-json\/wp\/v2\/types\/page"}],"author":[{"embeddable":true,"href":"https:\/\/assistancetour.com\/de\/wp-json\/wp\/v2\/users\/1"}],"replies":[{"embeddable":true,"href":"https:\/\/assistancetour.com\/de\/wp-json\/wp\/v2\/comments?post=5438"}],"version-history":[{"count":0,"href":"https:\/\/assistancetour.com\/de\/wp-json\/wp\/v2\/pages\/5438\/revisions"}],"up":[{"embeddable":true,"href":"https:\/\/assistancetour.com\/de\/wp-json\/wp\/v2\/pages\/5219"}],"wp:attachment":[{"href":"https:\/\/assistancetour.com\/de\/wp-json\/wp\/v2\/media?parent=5438"}],"curies":[{"name":"wp","href":"https:\/\/api.w.org\/{rel}","templated":true}]}}