{"id":5497,"date":"2019-11-08T18:29:39","date_gmt":"2019-11-08T14:29:39","guid":{"rendered":"https:\/\/v1.digisensei.org\/?page_id=5497"},"modified":"2023-03-06T17:18:35","modified_gmt":"2023-03-06T13:18:35","slug":"visa-insurance","status":"publish","type":"page","link":"https:\/\/assistancetour.com\/de\/visa-insurance\/","title":{"rendered":"Visum &amp; Versicherung"},"content":{"rendered":"<div class=\"wpb-content-wrapper\"><div class=\"content-block row wpb_row vc_row-fluid\"><div class=\"container\"><div class=\"wpb_column vc_column_container vc_col-sm-12\"><div class=\"vc_column-inner\"><div class=\"wpb_wrapper\"><div class=\"description-text\"><p>ASERBAIDSCHAN<\/p>\n<p>Besucher Aserbaidschans m\u00fcssen ein Visum von einer der diplomatischen Vertretungen Aserbaidschans erhalten, es sei denn, sie kommen aus einem der von der Visumpflicht befreiten L\u00e4nder, L\u00e4ndern, die bei der Ankunft ein Visum beantragen, oder L\u00e4ndern, die ein elektronisches Visum erhalten. Besucher m\u00fcssen P\u00e4sse besitzen, die mindestens 3 Monate \u00fcber die vorgesehene Aufenthaltsdauer hinaus g\u00fcltig sind.<\/p>\n<p>Der Reisepass muss mindestens 6 Monate nach Ablauf des beantragten aserbaidschanischen Visums g\u00fcltig sein. Wenn der Ablauf des Reisepasses eines ausl\u00e4ndischen Staatsb\u00fcrgers weniger als 3 Monate betr\u00e4gt, wird kein Visum erteilt. B\u00fcrger bestimmter aufgelisteter L\u00e4nder, die ein Visum mit einem normalen Pass oder einem Dienstpass ben\u00f6tigen, m\u00fcssen vor ihrer Reise nach Aserbaidschan ein Visum beantragen. Visa werden bei einer Botschaft oder einem Konsulat der Republik Aserbaidschan oder bei der Ankunft an den Grenz\u00fcberg\u00e4ngen der Republik Aserbaidschan ausgestellt. Das Visumantragsformular kann online ausgef\u00fcllt und der diplomatischen Vertretung vorgelegt werden.<\/p>\n<p>B\u00fcrger der folgenden 11 L\u00e4nder k\u00f6nnen Aserbaidschan bis zu 90 Tage ohne Visum besuchen:<br \/>\nT\u00fcrkei, Wei\u00dfrussland, Georgien, Kasachstan, Kirgisistan, Moldawien, Russland, Tadschikistan, Ukraine, Usbekistan, Iran (15 Tage, Aufenthalt nur in Nachitschewan).<\/p>\n<p>Aserbaidschan hat im Januar 2017 elektronische Visa f\u00fcr B\u00fcrger bestimmter L\u00e4nder eingef\u00fchrt. Das System hei\u00dft ASAN Visa und die Visa werden f\u00fcr einen einmaligen Besuch bis zu 30 Tagen ausgestellt. Das E-Visum sollte zusammen mit dem Reisepass (der mindestens 3 Monate l\u00e4nger als die G\u00fcltigkeitsdauer des elektronischen Visums g\u00fcltig sein sollte) am Grenzkontrollpunkt ausgedruckt und vorgelegt werden. Das E-Visum wird innerhalb von 3 Werktagen ausgestellt. Ab Mai 2018 sind folgende 95 L\u00e4nder ausgewiesen:<br \/>\nAlbanien, Algerien, Andorra, Argentinien, Australien, \u00d6sterreich, Bahamas, Bahrain, Barbados, Belgien, Bolivien (Plurinationaler Staat), Bosnien und Herzegowina, Brasilien, Brunei Darussalam, Bulgarien, Kanada, Chile, China, Kolumbien, Costa Rica, Kroatien , Kuba, Zypern, Tschechische Republik, D\u00e4nemark, Dschibuti, Ecuador, Estland, Finnland, Frankreich, Deutschland, Griechenland, Guatemala, Heiliger Stuhl (Vatikan), Honduras, Ungarn, Island, Indien, Indonesien, Iran (Islamische Republik), Irland , Israel, Italien, Jamaika, Japan, Jordanien, Kuwait, Lettland, Liechtenstein, Litauen, Luxemburg, Mazedonien, Malaysia, Malediven, Malta, Mauritius, Mexiko, Monaco, Mongolei, Montenegro, Marokko, Nepal, Niederlande, Neuseeland, Norwegen, Oman, Pakistan, Panama, Paraguay, Peru, Polen, Portugal, Katar, Republik Korea, Rum\u00e4nien, San Marino, Saudi-Arabien, Serbien, Seychellen, Singapur, Slowakei, Slowenien, S\u00fcdafrika, Spanien, Sri Lanka, Schweden, Schweiz, Thailand, Trinidad und Tobago, Turkmenistan, Vereinigte Arabische Emirate, Vereinigtes K\u00f6nigreich Grea t Gro\u00dfbritannien und Nordirland, Vereinigte Staaten von Amerika, Vietnam<\/p>\n<p>GEORGIA<\/p>\n<p>The Georgia Visa Policy contains the rules and restrictions that determine whether an individual requires a visa to enter Georgia or not. The requirements of a visa can be affected by the nationality of the travelers, the expected duration of stay, and the purpose of the visit to Georgia.<\/p>\n<p>The Georgia Visa Policy states that passport holders of around 90 countries don\u2019t need to apply for a visa to gain entry in Georgia. The duration of their stay can be dependent on their nationality.<\/p>\n<p>As per the Georgia Visa Policy, the e-Visa option is available for foreign nationals from around one hundred countries to visit Georgia. Based on the citizenship of the visitor, the validity of the e-visa will change.<\/p>\n<p>According to the Georgia Visa Policy, citizens of almost 50 countries must apply for an Embassy Visa no matter the purpose of the trip or duration of the trip. They can apply for a student visa, business visa, tourist visa, or other visa depending on the requirements of the travelers.<\/p>\n<p>Below is detailed information about the Georgia Visa Policy, visa requirements, visa categories, and the validity of the visa.<\/p>\n<p>Tourist Visa Policy for Georgia<br \/>\nThe Georgia Visa Policy suggests that passport holders of about one hundred and fifty nations must obtain a visa before planning a trip to Georgia regardless of their intended period of stay.<\/p>\n<p>The citizens of around 100 nations can visit Georgia by just applying online with a simple application form to obtain an e-Visa. To fill out an application form, only a few minutes are required. The whole procedure speeds up the application process by skipping the need to visit the Georgian Embassy.<\/p>\n<p>An e-Visa for Georgia is a multiple-entry visa that allows the visitors to enter and leave the country as many times as they wish during its validity. The maximum duration of stay in the country with an e-visa can be 30 days or 90 days within a period of 120 days and 180 days respectively.<\/p>\n<p>Passport holders of about 50 nations need to apply for a Visa for tourism and other purposes. They just have to mention the purpose of their visit and the duration of their stay while applying for a Visa. They need to visit the nearest Georgian Embassy to obtain a Visa.<\/p>\n<p>Which nationalities don't have to apply for the Georgia eVisa?<br \/>\nIf you have a Visa or Residence Permit from one of the following nationalities you won't need to apply for the Georgia eVisa, as long as your intended stay in the country is less than 90 days:<\/p>\n<p>Australia, Austria, Bahrain, Belgium, British Dependent Territories - Jersey, Guernsey, and the Isle of Man, British Overseas Territories - Bermuda, Cayman Islands, British Virgin Islands, Falkland Islands (Malvinas), Turks and Caicos Islands, and Gibraltar, Bulgaria, Canada, Croatia, Cyprus, Czech Republic, Denmark, Denmark territories, Estonia, Finland, France, French Republic territories, Germany<br \/>\nGreece, Hungary, Iceland, Israel, Italy, Japan, Kuwait, Latvia, Liechtenstein, Lithuania, Luxembourg, Malta, Netherlands, Netherlands territories, New Zealand, Norway, Oman, Poland, Portugal<br \/>\nQatar, Romania, Saudi Arabia, Slovakia, Slovenia, South Korea, Spain, Sweden, Switzerland, United Arab Emirates, United Kingdom of Great Britain and Northern Ireland, United States of America.<\/p>\n<p>To get more information about the different visa types, you can go through the following sections.<\/p>\n<p>Wir bieten E-Visa und Versicherungsl\u00f6sungen auf schnellste Weise f\u00fcr die Bequemlichkeit unserer G\u00e4ste und Partner.<\/p><\/div><\/div><\/div><\/div><\/div><\/div>\n<\/div>","protected":false},"excerpt":{"rendered":"AZERBAIJAN Visitors to Azerbaijan must obtain a visa from one of the Azerbaijani diplomatic missions, unless they come from one of the visa exempt countries, countries eligible for visa on arrival or countries eligible for electronic visa. Visitors must hold passports that are valid for at least 3 months beyond the intended period of stay. [...]","protected":false},"author":1,"featured_media":0,"parent":0,"menu_order":0,"comment_status":"closed","ping_status":"closed","template":"entrada_templates\/layout-visual-composer-default.php","meta":{"footnotes":""},"_links":{"self":[{"href":"https:\/\/assistancetour.com\/de\/wp-json\/wp\/v2\/pages\/5497"}],"collection":[{"href":"https:\/\/assistancetour.com\/de\/wp-json\/wp\/v2\/pages"}],"about":[{"href":"https:\/\/assistancetour.com\/de\/wp-json\/wp\/v2\/types\/page"}],"author":[{"embeddable":true,"href":"https:\/\/assistancetour.com\/de\/wp-json\/wp\/v2\/users\/1"}],"replies":[{"embeddable":true,"href":"https:\/\/assistancetour.com\/de\/wp-json\/wp\/v2\/comments?post=5497"}],"version-history":[{"count":0,"href":"https:\/\/assistancetour.com\/de\/wp-json\/wp\/v2\/pages\/5497\/revisions"}],"wp:attachment":[{"href":"https:\/\/assistancetour.com\/de\/wp-json\/wp\/v2\/media?parent=5497"}],"curies":[{"name":"wp","href":"https:\/\/api.w.org\/{rel}","templated":true}]}}