{"id":6056,"date":"2019-12-13T16:43:42","date_gmt":"2019-12-13T12:43:42","guid":{"rendered":"https:\/\/v1.digisensei.org\/?page_id=6056"},"modified":"2019-12-13T16:53:14","modified_gmt":"2019-12-13T12:53:14","slug":"naftalan-hotels","status":"publish","type":"page","link":"https:\/\/assistancetour.com\/de\/azerbaijan-hotels\/naftalan-hotels\/","title":{"rendered":"Naftalan Hotels"},"content":{"rendered":"<div class=\"wpb-content-wrapper\"><div class=\"content-block row wpb_row vc_row-fluid\"><div class=\"container\"><div class=\"wpb_column vc_column_container vc_col-sm-12\"><div class=\"vc_column-inner\"><div class=\"wpb_wrapper\"><div class=\"vc_tta-container\" data-vc-action=\"collapse\"><div class=\"vc_general vc_tta vc_tta-tabs vc_tta-color-grey vc_tta-style-classic vc_tta-shape-rounded vc_tta-spacing-1 vc_tta-tabs-position-top vc_tta-controls-align-left\"><div class=\"vc_tta-tabs-container\"><ul class=\"vc_tta-tabs-list\"><li class=\"vc_tta-tab vc_active\" data-vc-tab><a href=\"#5starhotels\" data-vc-tabs data-vc-container=\".vc_tta\"><span class=\"vc_tta-title-text\">5 * Hotels<\/span><\/a><\/li><\/ul><\/div><div class=\"vc_tta-panels-container\"><div class=\"vc_tta-panels\"><div class=\"vc_tta-panel vc_active\" id=\"5starhotels\" data-vc-content=\".vc_tta-panel-body\"><div class=\"vc_tta-panel-heading\"><h4 class=\"vc_tta-panel-title\"><a href=\"#5starhotels\" data-vc-accordion data-vc-container=\".vc_tta-container\"><span class=\"vc_tta-title-text\">5 * Hotels<\/span><\/a><\/h4><\/div><div class=\"vc_tta-panel-body\"><div class=\"vc_row wpb_row vc_inner vc_row-fluid\"><div class=\"wpb_column vc_column_container vc_col-sm-12\"><div class=\"vc_column-inner\"><div class=\"wpb_wrapper\"><!-- start Hotel Details -->\n\t\t<link id='font-awsome-css' href='https:\/\/assistancetour.com\/wp-content\/plugins\/unlimited-addons-for-wpbakery-page-builder\/assets_libraries\/font-awsome\/css\/font-awesome.min.css' type='text\/css' rel='stylesheet' >\n\t\t<link id='uc_ac_assets_file_uc_starter_discount_box_css_1901-css' href='https:\/\/assistancetour.com\/wp-content\/uploads\/ac_assets\/uc_starter_discount_box\/uc_starter_discount_box.css' type='text\/css' rel='stylesheet' >\n\t\t<link id='uc_fonts_googleapis_com_css_family_roboto-css' href='https:\/\/fonts.googleapis.com\/css?family=Roboto' type='text\/css' rel='stylesheet' >\n\t\t<link id='uc_fonts_googleapis_com_css_family_lobster-css' href='https:\/\/fonts.googleapis.com\/css?family=Lobster' type='text\/css' rel='stylesheet' >\n\t\t<link id='uc_fonts_googleapis_com_css_family_montserrat_400_700-css' href='https:\/\/fonts.googleapis.com\/css?family=Montserrat:400,700' type='text\/css' rel='stylesheet' >\n\n\t\t\t<style type=\"text\/css\">\/* addon: Hotel Details *\/\n\n.gallery_section {\n    width: 100%;\n    float: left;\n    padding: 0;\n}\n\n.gallery_section ul {\n    width: 100%;\n    padding: 0;\n    float: left;\n    list-style-type: none;\n    margin: 0;\n}\n\n.gallery_section ul li {\n    margin: 0 0 25px;\n    width: 100%;\n    float: left;\n    border-bottom: 2px solid #e8ac01;\n}\n\n.gallery_section ul li .back_ground {\n    width: 100%;\n    float: left;\n    background: #ffffff;\n}\n\n.gallery_section ul li .back_ground .images {\n    position: relative;\n    max-height: 100%;\n    overflow: hidden;\n}\n\n.images {\n    max-height: 100%;\n    margin: 0 20px 0 0;\n    width: 40%;\n    float: left;\n    position: relative;\n}\n\n.gallery_section ul li .images span h3 {\n    padding: 10px 0 10px 10px;\n    left: 0;\n    top: 0;\n    margin: 0;\n    font-size: 24px;\n    color: #fff;\n    text-transform: capitalize;\n    letter-spacing: 1px;\n    font-weight: 400;\n    text-align: left;\n    z-index: 0;\n    position: absolute;\n    background: rgba(0, 0, 0, 0.4);\n    box-sizing: border-box;\n    width: 100%;\n}\n\n.gallery_section ul li .txt {\n    color: #28292b;\n    float: none;\n    font-size: 18px;\n    line-height: 26px;\n    width: auto;\n    font-family: 'Source Sans Pro', sans-serif;\n    font-weight: 300;\n    color: rgba(27,27,27,.7);\n    letter-spacing: .7px;\n    word-spacing: .2px;\n    margin: 0;\n    padding: 20px 0 0;\n}\n\n.hotels-img {\n    width: 100%;\n    height: 320px;\n}\n\n.title_tour {\n    width: 100%;\n    float: left;\n}\n\n.hotel-p {\n\tmargin: 0 10px 10px;\n  \tfont-size: 16px;\n}\n\n@media (max-width: 568px) {\n    .gallery_section ul li {\n        width: 100% !important;\n        margin: 0 0.5% 3.5% 0;\n        margin-right: 0.5%;\n        float: left;\n        border-bottom: 1px solid #986e27;\n    }\n\n    .gallery_section .images img {\n        width: 100%;\n        height: auto;\n    }\n\n    .gallery_section ul li .back_ground .images {\n        max-height: 100%;\n        width: 100%\n    }\n\n}\n\n<\/style>\n\n\t\t\t<div class=\"gallery_section\">\n    <ul>\n        <li class=\"odd\">\n            <div class=\"back_ground\">\n                <div class=\"images\">\n                    <span class=\"title_tour\"><h3>Gashalti Health Hotel 5*<\/h3><\/span>\n                    <img decoding=\"async\" class=\"hotels-img\" src=\"https:\/\/assistancetour.com\/wp-content\/uploads\/2019\/12\/163702737.jpg\">\n                <\/div>\n                <div class=\"txt\">\n        \t\t\t<p class=\"hotel-p\">\n                        Featuring a professional medical staff trained in a number of fields such as physiotherapy, hydrotherapy, and massages, Gashalti Health Hotel Naftalan is located in Naftalan and offers a number of facilities to ensure guests have a relaxing stay, including a spa and wellness center, an indoor pool, and a bowling alley.\n\nRooms here are decorated in either a modern or classical design, and are equipped with a flat-screen TV with satellite channels, a mini-bar, a seating area, and a private bathroom with a bath or shower.\n                    <\/p>\n                <\/div> \n            <\/div>\n        <\/li>\n    <\/ul>\n<\/div>\n\t\t\t<!-- end Hotel Details --><\/div><\/div><\/div><\/div><div class=\"vc_row wpb_row vc_inner vc_row-fluid\"><div class=\"wpb_column vc_column_container vc_col-sm-12\"><div class=\"vc_column-inner\"><div class=\"wpb_wrapper\"><!-- start Hotel Details -->\n\n\t\t\t<style type=\"text\/css\">\/* addon: Hotel Details *\/\n\n.gallery_section {\n    width: 100%;\n    float: left;\n    padding: 0;\n}\n\n.gallery_section ul {\n    width: 100%;\n    padding: 0;\n    float: left;\n    list-style-type: none;\n    margin: 0;\n}\n\n.gallery_section ul li {\n    margin: 0 0 25px;\n    width: 100%;\n    float: left;\n    border-bottom: 2px solid #e8ac01;\n}\n\n.gallery_section ul li .back_ground {\n    width: 100%;\n    float: left;\n    background: #ffffff;\n}\n\n.gallery_section ul li .back_ground .images {\n    position: relative;\n    max-height: 100%;\n    overflow: hidden;\n}\n\n.images {\n    max-height: 100%;\n    margin: 0 20px 0 0;\n    width: 40%;\n    float: left;\n    position: relative;\n}\n\n.gallery_section ul li .images span h3 {\n    padding: 10px 0 10px 10px;\n    left: 0;\n    top: 0;\n    margin: 0;\n    font-size: 24px;\n    color: #fff;\n    text-transform: capitalize;\n    letter-spacing: 1px;\n    font-weight: 400;\n    text-align: left;\n    z-index: 0;\n    position: absolute;\n    background: rgba(0, 0, 0, 0.4);\n    box-sizing: border-box;\n    width: 100%;\n}\n\n.gallery_section ul li .txt {\n    color: #28292b;\n    float: none;\n    font-size: 18px;\n    line-height: 26px;\n    width: auto;\n    font-family: 'Source Sans Pro', sans-serif;\n    font-weight: 300;\n    color: rgba(27,27,27,.7);\n    letter-spacing: .7px;\n    word-spacing: .2px;\n    margin: 0;\n    padding: 20px 0 0;\n}\n\n.hotels-img {\n    width: 100%;\n    height: 320px;\n}\n\n.title_tour {\n    width: 100%;\n    float: left;\n}\n\n.hotel-p {\n\tmargin: 0 10px 10px;\n  \tfont-size: 16px;\n}\n\n@media (max-width: 568px) {\n    .gallery_section ul li {\n        width: 100% !important;\n        margin: 0 0.5% 3.5% 0;\n        margin-right: 0.5%;\n        float: left;\n        border-bottom: 1px solid #986e27;\n    }\n\n    .gallery_section .images img {\n        width: 100%;\n        height: auto;\n    }\n\n    .gallery_section ul li .back_ground .images {\n        max-height: 100%;\n        width: 100%\n    }\n\n}\n\n<\/style>\n\n\t\t\t<div class=\"gallery_section\">\n    <ul>\n        <li class=\"odd\">\n            <div class=\"back_ground\">\n                <div class=\"images\">\n                    <span class=\"title_tour\"><h3>Chinar Hotel &amp; SPA Naftalan 5*<\/h3><\/span>\n                    <img decoding=\"async\" class=\"hotels-img\" src=\"https:\/\/assistancetour.com\/wp-content\/uploads\/2019\/12\/1697_635549213919298654.jpg\">\n                <\/div>\n                <div class=\"txt\">\n        \t\t\t<p class=\"hotel-p\">\n                        Das Chinar Hotel &amp; Spa befindet sich im Naftalan Resort und ist von einem wundersch\u00f6nen Kiefern- und Platanwald umgeben. Es bietet ein Wellnesscenter und mehrere Restaurants. Kostenloses WLAN und kostenfreie Privatparkpl\u00e4tze stehen zur Verf\u00fcgung. Alle ger\u00e4umigen, klimatisierten Zimmer verf\u00fcgen \u00fcber einen Flachbild-TV, eine Minibar, einen Safe und einen Wasserkocher. Hausschuhe, Badem\u00e4ntel und ein Haartrockner sind im Badezimmer vorhanden.\n                    <\/p>\n                <\/div> \n            <\/div>\n        <\/li>\n    <\/ul>\n<\/div>\n\t\t\t<!-- end Hotel Details --><\/div><\/div><\/div><\/div><div class=\"vc_row wpb_row vc_inner vc_row-fluid\"><div class=\"wpb_column vc_column_container vc_col-sm-12\"><div class=\"vc_column-inner\"><div class=\"wpb_wrapper\"><!-- start Hotel Details -->\n\n\t\t\t<style type=\"text\/css\">\/* addon: Hotel Details *\/\n\n.gallery_section {\n    width: 100%;\n    float: left;\n    padding: 0;\n}\n\n.gallery_section ul {\n    width: 100%;\n    padding: 0;\n    float: left;\n    list-style-type: none;\n    margin: 0;\n}\n\n.gallery_section ul li {\n    margin: 0 0 25px;\n    width: 100%;\n    float: left;\n    border-bottom: 2px solid #e8ac01;\n}\n\n.gallery_section ul li .back_ground {\n    width: 100%;\n    float: left;\n    background: #ffffff;\n}\n\n.gallery_section ul li .back_ground .images {\n    position: relative;\n    max-height: 100%;\n    overflow: hidden;\n}\n\n.images {\n    max-height: 100%;\n    margin: 0 20px 0 0;\n    width: 40%;\n    float: left;\n    position: relative;\n}\n\n.gallery_section ul li .images span h3 {\n    padding: 10px 0 10px 10px;\n    left: 0;\n    top: 0;\n    margin: 0;\n    font-size: 24px;\n    color: #fff;\n    text-transform: capitalize;\n    letter-spacing: 1px;\n    font-weight: 400;\n    text-align: left;\n    z-index: 0;\n    position: absolute;\n    background: rgba(0, 0, 0, 0.4);\n    box-sizing: border-box;\n    width: 100%;\n}\n\n.gallery_section ul li .txt {\n    color: #28292b;\n    float: none;\n    font-size: 18px;\n    line-height: 26px;\n    width: auto;\n    font-family: 'Source Sans Pro', sans-serif;\n    font-weight: 300;\n    color: rgba(27,27,27,.7);\n    letter-spacing: .7px;\n    word-spacing: .2px;\n    margin: 0;\n    padding: 20px 0 0;\n}\n\n.hotels-img {\n    width: 100%;\n    height: 320px;\n}\n\n.title_tour {\n    width: 100%;\n    float: left;\n}\n\n.hotel-p {\n\tmargin: 0 10px 10px;\n  \tfont-size: 16px;\n}\n\n@media (max-width: 568px) {\n    .gallery_section ul li {\n        width: 100% !important;\n        margin: 0 0.5% 3.5% 0;\n        margin-right: 0.5%;\n        float: left;\n        border-bottom: 1px solid #986e27;\n    }\n\n    .gallery_section .images img {\n        width: 100%;\n        height: auto;\n    }\n\n    .gallery_section ul li .back_ground .images {\n        max-height: 100%;\n        width: 100%\n    }\n\n}\n\n<\/style>\n\n\t\t\t<div class=\"gallery_section\">\n    <ul>\n        <li class=\"odd\">\n            <div class=\"back_ground\">\n                <div class=\"images\">\n                    <span class=\"title_tour\"><h3>Garabag Resort &amp; Spa 5*<\/h3><\/span>\n                    <img decoding=\"async\" class=\"hotels-img\" src=\"https:\/\/assistancetour.com\/wp-content\/uploads\/2019\/12\/48455118.jpg\">\n                <\/div>\n                <div class=\"txt\">\n        \t\t\t<p class=\"hotel-p\">\n                        Garabag Resort&amp;Spa offers health improvement procedures featured at Entera Spa and Wellness Center. It provides a Turkish steam bath, a sauna, a cedar barrel and a salt room. The procedures are performed using a mixture of naftalan oil, salts and seaweed of the Caspian Sea and volcanic mud. Cosmetic and medical treatments and a hair salon are also available.\n                    <\/p>\n                <\/div> \n            <\/div>\n        <\/li>\n    <\/ul>\n<\/div>\n\t\t\t<!-- end Hotel Details --><\/div><\/div><\/div><\/div><\/div><\/div><\/div><\/div><\/div><\/div><\/div><\/div><\/div><\/div><\/div>\n<\/div>","protected":false},"excerpt":{"rendered":"5* Hotels5* Hotels Gashalti Health Hotel 5* Featuring a professional medical staff trained in a number of fields such as physiotherapy, hydrotherapy, and massages, Gashalti Health Hotel Naftalan is located in Naftalan and offers a number of facilities to ensure guests have a relaxing stay, including a spa and wellness center, an indoor pool, and [...]","protected":false},"author":1,"featured_media":0,"parent":5311,"menu_order":8,"comment_status":"closed","ping_status":"closed","template":"","meta":{"footnotes":""},"_links":{"self":[{"href":"https:\/\/assistancetour.com\/de\/wp-json\/wp\/v2\/pages\/6056"}],"collection":[{"href":"https:\/\/assistancetour.com\/de\/wp-json\/wp\/v2\/pages"}],"about":[{"href":"https:\/\/assistancetour.com\/de\/wp-json\/wp\/v2\/types\/page"}],"author":[{"embeddable":true,"href":"https:\/\/assistancetour.com\/de\/wp-json\/wp\/v2\/users\/1"}],"replies":[{"embeddable":true,"href":"https:\/\/assistancetour.com\/de\/wp-json\/wp\/v2\/comments?post=6056"}],"version-history":[{"count":0,"href":"https:\/\/assistancetour.com\/de\/wp-json\/wp\/v2\/pages\/6056\/revisions"}],"up":[{"embeddable":true,"href":"https:\/\/assistancetour.com\/de\/wp-json\/wp\/v2\/pages\/5311"}],"wp:attachment":[{"href":"https:\/\/assistancetour.com\/de\/wp-json\/wp\/v2\/media?parent=6056"}],"curies":[{"name":"wp","href":"https:\/\/api.w.org\/{rel}","templated":true}]}}