{"id":9238,"date":"2023-03-05T00:59:46","date_gmt":"2023-03-04T20:59:46","guid":{"rendered":"https:\/\/assistancetour.com\/?page_id=9238"},"modified":"2023-03-06T16:40:51","modified_gmt":"2023-03-06T12:40:51","slug":"events-festivals","status":"publish","type":"page","link":"https:\/\/assistancetour.com\/de\/georgia\/events-festivals\/","title":{"rendered":"Events &amp; Festivals"},"content":{"rendered":"<div class=\"wpb-content-wrapper\"><div class=\"content-block row wpb_row vc_row-fluid\"><div class=\"container\"><div class=\"wpb_column vc_column_container vc_col-sm-12\"><div class=\"vc_column-inner\"><div class=\"wpb_wrapper\"><div class=\"description-text\"><p>Die Festivals in Aserbaidschan finden das ganze Jahr \u00fcber in verschiedenen Regionen des Landes statt. Die Stadt Baku gilt aufgrund ihres Umfangs und ihrer Art als wichtigstes Zentrum der Festivals. Die Festivals in jeder Region repr\u00e4sentieren andererseits ihre eigenen lokalen Besonderheiten, die haupts\u00e4chlich mit dem Essen, Obst und so weiter zusammenh\u00e4ngen.<\/p>\n<p>In den letzten Jahren fanden in Aserbaidschan regelm\u00e4\u00dfig internationale Veranstaltungen statt, auf die Milliarden von Menschen auf der ganzen Welt folgten.<\/p><\/div><div class=\"vc_row wpb_row vc_inner vc_row-fluid\"><div class=\"wpb_column vc_column_container vc_col-sm-12\"><div class=\"vc_column-inner\"><div class=\"wpb_wrapper\">\t\t\t<script>\r\n\t\t\t\tjQuery(window).on('load', function() {\r\n\t\t\t\t\tbdp_get_famous_height_8();\r\n\t\t\t\t});\r\n\t\t\t\tjQuery(document).ready(function() {\r\n\t\t\t\t\tbdp_get_famous_height_8();\r\n\t\t\t\t});\r\n\r\n\t\t\t\tfunction bdp_get_famous_height_8() {\r\n\t\t\t\t\tvar famous_content_heights = jQuery(\".layout_id_8 .famous-grid .post-body-div\").map(function() {\r\n\t\t\t\t\t\t\treturn jQuery(this).height();\r\n\t\t\t\t\t\t}).get(),\r\n\t\t\t\t\t\tfamous_content_heights = Math.max.apply(null, famous_content_heights);\r\n\t\t\t\t\tjQuery('.layout_id_8 .bdp-row.famous').each(function() {\r\n\t\t\t\t\t\tvar famous_total_height = famous_content_heights;\r\n\t\t\t\t\t\tjQuery(this).find('.famous-grid').height(famous_total_height);\r\n\t\t\t\t\t});\r\n\t\t\t\t}\r\n\t\t\t<\/script>\r\n\t\t\t\t\t\t<script>\r\n\t\t\t\t$ = jQuery;\r\n\t\t\t\tjQuery(document).ready(function() {\r\n\t\t\t\t\tjQuery('.print_click').on(\"click\", function(e) {\r\n\t\t\t\t\t\t$(\"img\").removeClass(\" lazyloaded\");\r\n\t\t\t\t\t\t$(\"img\").removeClass(\"lazyload\");\r\n\t\t\t\t\t\t$(\"img\").removeAttr(\"style\");\r\n\t\t\t\t\t\t$('.famous-grid').css(\"margin-top\", \"30px\");\r\n\t\t\t\t\t\t$('.blog_header').removeClass('hover');\r\n\t\t\t\t\t\t$('.print_click').hide();\r\n\t\t\t\t\t\twindow.print();\r\n\t\t\t\t\t});\r\n\r\n\r\n\t\t\t\t});\r\n\t\t\t<\/script>\r\n\t\t\t<div id=\"content\" class=\"bdp_wrapper bdp_post_list  famous  famous_cover layout_id_8\"><div class='bdp-row column_layout_3 column_layout_ipad_2 column_layout_tablet_2 column_layout_mobile_1 famous'>No posts found.<\/div><form name=\"bdp-paged-hidden\" id=\"bdp-paged-hidden\" action=\"\"><input type=\"hidden\" name=\"paged\" id=\"paged\" value=\"1\" \/><input type=\"hidden\" name=\"posts_per_page\" id=\"posts_per_page\" value=\"6\" \/><input type=\"hidden\" name=\"max_num_pages\" id=\"max_num_pages\" value=\"0\" \/><input type=\"hidden\" name=\"found_posts\" id=\"found_posts\" value=\"0\" \/><input type=\"hidden\" name=\"blog_template\" id=\"blog_template\" value=\"famous\" \/><input type=\"hidden\" name=\"blog_layout\" id=\"blog_layout\" value=\"blog_layout\" \/><input type=\"hidden\" name=\"blog_shortcode_id\" id=\"blog_shortcode_id\" value=\"8\" \/><input type=\"hidden\" name=\"terms\" id=\"terms\" value=\"458\" \/><input type=\"hidden\" name=\"trp-form-language\" value=\"de\"\/><\/form><div class=\"wl_pagination_box template-2\"><\/div><\/div>\n\t<div class=\"wpb_raw_code wpb_content_element wpb_raw_html\" >\n\t\t<div class=\"wpb_wrapper\">\n\t\t\t<br><br>\n\t\t<\/div>\n\t<\/div>\n<\/div><\/div><\/div><\/div><\/div><\/div><\/div><\/div><\/div>\n<\/div>","protected":false},"excerpt":{"rendered":"The festivals in Azerbaijan are held throughout the year in different regions of the country. The city of Baku is considered as the most important center of the festivals due to their scale and types. The festivals in each region, on other hand represent its own local characteristics mostly related to its food, fruit and [...]","protected":false},"author":3,"featured_media":0,"parent":9049,"menu_order":0,"comment_status":"closed","ping_status":"closed","template":"entrada_templates\/layout-visual-composer-default.php","meta":{"footnotes":""},"_links":{"self":[{"href":"https:\/\/assistancetour.com\/de\/wp-json\/wp\/v2\/pages\/9238"}],"collection":[{"href":"https:\/\/assistancetour.com\/de\/wp-json\/wp\/v2\/pages"}],"about":[{"href":"https:\/\/assistancetour.com\/de\/wp-json\/wp\/v2\/types\/page"}],"author":[{"embeddable":true,"href":"https:\/\/assistancetour.com\/de\/wp-json\/wp\/v2\/users\/3"}],"replies":[{"embeddable":true,"href":"https:\/\/assistancetour.com\/de\/wp-json\/wp\/v2\/comments?post=9238"}],"version-history":[{"count":0,"href":"https:\/\/assistancetour.com\/de\/wp-json\/wp\/v2\/pages\/9238\/revisions"}],"up":[{"embeddable":true,"href":"https:\/\/assistancetour.com\/de\/wp-json\/wp\/v2\/pages\/9049"}],"wp:attachment":[{"href":"https:\/\/assistancetour.com\/de\/wp-json\/wp\/v2\/media?parent=9238"}],"curies":[{"name":"wp","href":"https:\/\/api.w.org\/{rel}","templated":true}]}}